{"id":15572,"date":"2023-11-10T07:58:43","date_gmt":"2023-11-10T07:58:43","guid":{"rendered":"https:\/\/tibbikayitlar.org\/?page_id=15572"},"modified":"2024-12-23T14:40:28","modified_gmt":"2024-12-23T11:40:28","slug":"hakkimizda","status":"publish","type":"page","link":"https:\/\/tibbikayitlar.org\/en\/hakkimizda\/","title":{"rendered":"About Us"},"content":{"rendered":"<div data-elementor-type=\"wp-page\" data-elementor-id=\"15572\" class=\"elementor elementor-15572\">\n\t\t\t\t\t\t<section class=\"elementor-section elementor-top-section elementor-element elementor-element-8cc2793 elementor-section-boxed elementor-section-height-default elementor-section-height-default\" data-id=\"8cc2793\" data-element_type=\"section\">\n\t\t\t\t\t\t\t<div class=\"elementor-background-overlay\"><\/div>\n\t\t\t\t\t\t\t<div class=\"elementor-container elementor-column-gap-default\">\n\t\t\t\t\t<div class=\"elementor-column elementor-col-50 elementor-top-column elementor-element elementor-element-3aee6e0\" data-id=\"3aee6e0\" data-element_type=\"column\">\n\t\t\t<div class=\"elementor-widget-wrap elementor-element-populated\">\n\t\t\t\t\t\t<div class=\"elementor-element elementor-element-a7b1882 elementor-widget__width-auto elementor-widget elementor-widget-image\" data-id=\"a7b1882\" data-element_type=\"widget\" data-widget_type=\"image.default\">\n\t\t\t\t<div class=\"elementor-widget-container\">\n\t\t\t\t\t\t\t\t\t\t\t\t\t\t\t<img fetchpriority=\"high\" decoding=\"async\" width=\"570\" height=\"590\" src=\"https:\/\/tibbikayitlar.org\/wp-content\/uploads\/2024\/12\/54323546543.jpg\" class=\"attachment-full size-full wp-image-19033\" alt=\"\" srcset=\"https:\/\/tibbikayitlar.org\/wp-content\/uploads\/2024\/12\/54323546543.jpg 570w, https:\/\/tibbikayitlar.org\/wp-content\/uploads\/2024\/12\/54323546543-290x300.jpg 290w, https:\/\/tibbikayitlar.org\/wp-content\/uploads\/2024\/12\/54323546543-300x311.jpg 300w\" sizes=\"(max-width: 570px) 100vw, 570px\" \/>\t\t\t\t\t\t\t\t\t\t\t\t\t\t\t<\/div>\n\t\t\t\t<\/div>\n\t\t\t\t\t<\/div>\n\t\t<\/div>\n\t\t\t\t<div class=\"elementor-column elementor-col-50 elementor-top-column elementor-element elementor-element-71e8f0b\" data-id=\"71e8f0b\" data-element_type=\"column\">\n\t\t\t<div class=\"elementor-widget-wrap elementor-element-populated\">\n\t\t\t\t\t\t<div class=\"elementor-element elementor-element-caf85a6 elementor-widget elementor-widget-gimont_elementor_heading\" data-id=\"caf85a6\" data-element_type=\"widget\" data-widget_type=\"gimont_elementor_heading.default\">\n\t\t\t\t<div class=\"elementor-widget-container\">\n\t\t\t\t\t\n\t\t\t<div class=\"ova-heading template_1\">\n\t\t\t\t\t\t\t\t\t\t\t\t\t\t\t<span class=\"line\"><\/span>\n\t\t\t\t\t\t\t\t\t\t<span class=\"subtitle\">T\u0131bbi Kay\u0131tlar Derne\u011fi<\/span>\n\t\t\t\t\t\t\t\t\t\t\t\t\t\n\t\t\t\t\t\t\t\t\t\t\t\t\t\t\t<h2 class=\"title\">About Us<\/h2>\n\t\t\t\t\t\t\t\t\t\t\n\t\t\t\t\t\t\t\t\n\t\t\t\t\t\t\t\t\t<p class=\"desc\">T\u0131bbi Kay\u0131tlar Derne\u011fi, \u00fclkemizde ve d\u00fcnya genelindeki bilim insanlar\u0131yla i\u015fbirli\u011fi yaparak t\u0131p ve sa\u011fl\u0131k bilimleri alanlar\u0131nda ortak bir platform olu\u015fturmay\u0131 hedeflemektedir. Amac\u0131m\u0131z, bilimsel i\u015fbirli\u011fini art\u0131rarak sa\u011fl\u0131k sekt\u00f6r\u00fcnde \u00f6nemli yeniliklerin ve geli\u015fmelerin \u00f6n\u00fcn\u00fc a\u00e7mak ve bu alandaki global \u00e7al\u0131\u015fmalara katk\u0131 sa\u011flamakt\u0131r.\n\nDerne\u011fimiz, t\u0131p ve sa\u011fl\u0131k bilimleri alan\u0131ndaki faaliyetlerin etkinle\u015ftirilmesi ve geli\u015ftirilmesi i\u00e7in \u00e7e\u015fitli projeler y\u00fcr\u00fctmektedir. Bu do\u011frultuda, hem yurti\u00e7inde hem de yurtd\u0131\u015f\u0131nda ki\u015fi, kurum ve kurulu\u015flarla i\u015fbirli\u011fi yaparak, sa\u011fl\u0131k bilimleri alan\u0131ndaki ara\u015ft\u0131rma ve projeleri etik bir \u00e7er\u00e7evede desteklemekteyiz. Bilimsel \u00e7al\u0131\u015fmalar\u0131n kalitesini art\u0131rmak ve bu alanda yap\u0131lan ara\u015ft\u0131rmalara katk\u0131 sa\u011flamak, derne\u011fimizin en \u00f6nemli misyonlar\u0131ndan biridir.<\/p>\n\t\t\t\t\n\t\t\t<\/div>\n\n\t\t\t\t\t\t<\/div>\n\t\t\t\t<\/div>\n\t\t\t\t\t<\/div>\n\t\t<\/div>\n\t\t\t\t\t<\/div>\n\t\t<\/section>\n\t\t\t\t<section class=\"elementor-section elementor-top-section elementor-element elementor-element-34fff22 elementor-section-boxed elementor-section-height-default elementor-section-height-default\" data-id=\"34fff22\" data-element_type=\"section\" data-settings=\"{&quot;background_background&quot;:&quot;classic&quot;}\">\n\t\t\t\t\t\t<div class=\"elementor-container elementor-column-gap-default\">\n\t\t\t\t\t<div class=\"elementor-column elementor-col-100 elementor-top-column elementor-element elementor-element-10300fc\" data-id=\"10300fc\" data-element_type=\"column\">\n\t\t\t<div class=\"elementor-widget-wrap elementor-element-populated\">\n\t\t\t\t\t\t<div class=\"elementor-element elementor-element-c05d600 elementor-widget elementor-widget-gimont_elementor_heading\" data-id=\"c05d600\" data-element_type=\"widget\" data-widget_type=\"gimont_elementor_heading.default\">\n\t\t\t\t<div class=\"elementor-widget-container\">\n\t\t\t\t\t\n\t\t\t<div class=\"ova-heading template_1\">\n\t\t\t\t\t\t\t\t\t\t\t\t\t\t\t<span class=\"line\"><\/span>\n\t\t\t\t\t\t\t\t\t\t<span class=\"subtitle\">About Us<\/span>\n\t\t\t\t\t\t\t\t\t\t\t\t\t\n\t\t\t\t\t\t\t\t\t\t\t\t\t\t\t<h2 class=\"title\">V\u0130ZYON<\/h2>\n\t\t\t\t\t\t\t\t\t\t\n\t\t\t\t\t\t\t\t\n\t\t\t\t\t\t\t\t\t<p class=\"desc\">\u00dclkemizdeki ve D\u00fcnya\u2019daki bilim insanlar\u0131 ile birlikte t\u0131p ve sa\u011fl\u0131k bilimleri alanlar\u0131nda ortak bir platform olu\u015fturularak bilimsel i\u015fbirli\u011fini artt\u0131rmak ve d\u00fcnyadaki bu alanda \u00e7al\u0131\u015fmalar yapan bilim insanlar\u0131na katk\u0131 sa\u011flamakt\u0131r.<\/p>\n\t\t\t\t\n\t\t\t<\/div>\n\n\t\t\t\t\t\t<\/div>\n\t\t\t\t<\/div>\n\t\t\t\t<div class=\"elementor-element elementor-element-98d7926 elementor-widget elementor-widget-gimont_elementor_heading\" data-id=\"98d7926\" data-element_type=\"widget\" data-widget_type=\"gimont_elementor_heading.default\">\n\t\t\t\t<div class=\"elementor-widget-container\">\n\t\t\t\t\t\n\t\t\t<div class=\"ova-heading template_1\">\n\t\t\t\t\t\t\t\t\n\t\t\t\t\t\t\t\t\t\t\t\t\t\t\t<h2 class=\"title\">M\u0130SYON<\/h2>\n\t\t\t\t\t\t\t\t\t\t\n\t\t\t\t\t\t\t\t\n\t\t\t\t\t\t\t\t\t<p class=\"desc\">T\u0131p ve Sa\u011fl\u0131k bilimleri alan\u0131ndaki faaliyetlerin etkinle\u015ftirilmesi ve geli\u015ftirilmesini sa\u011flamak ve bu konuda \u00e7al\u0131\u015fmalar yapan ki\u015fi, kurum ve kurulu\u015flarla yurt i\u00e7i ve d\u0131\u015f\u0131nda ileti\u015fim, i\u015f birli\u011fi ve destek vermektir. Bilimsel \u00e7al\u0131\u015fmalar\u0131 etik \u00e7er\u00e7evede desteklemektir.<\/p>\n\t\t\t\t\n\t\t\t<\/div>\n\n\t\t\t\t\t\t<\/div>\n\t\t\t\t<\/div>\n\t\t\t\t<div class=\"elementor-element elementor-element-4accdfa elementor-widget elementor-widget-gimont_elementor_heading\" data-id=\"4accdfa\" data-element_type=\"widget\" data-widget_type=\"gimont_elementor_heading.default\">\n\t\t\t\t<div class=\"elementor-widget-container\">\n\t\t\t\t\t\n\t\t\t<div class=\"ova-heading template_1\">\n\t\t\t\t\t\t\t\t\n\t\t\t\t\t\t\t\t\t\t\t\t\t\t\t<h2 class=\"title\">Y\u00d6NTEM<\/h2>\n\t\t\t\t\t\t\t\t\t\t\n\t\t\t\t\t\t\t\t\n\t\t\t\t\t\t\t\t\t<p class=\"desc\">T\u0131p ve Sa\u011fl\u0131k bilimleri alan\u0131nda \u00e7al\u0131\u015fan bilim in\u015falar\u0131 ile birikim ve deneyimleri payla\u015fmak, \u00e7al\u0131\u015fmalar yapmak ve bu ama\u00e7la \u00e7al\u0131\u015ftay, seminer, sempozyum, kurslar, sertifika programlar\u0131 ve kongreler d\u00fczenlemektir.\n\nT\u0131p ve sa\u011fl\u0131k bilimleri alan\u0131nda ortak haf\u0131za ve dil olu\u015fturmas\u0131 amac\u0131yla alt komisyonlar olu\u015fturmak, akademi mensuplar\u0131na ait s\u00fcrekli ileti\u015fim kanallar\u0131 olu\u015fturmak ve akademi mensuplar\u0131n\u0131n kendi \u00fclkelerinde gerek resmi gerekse sivil kurulu\u015flarla ileti\u015fim ve i\u015fbirliklerini sa\u011flamak.\n\nD\u00fczenlenecek kongre, seminer, sempozyum, kurs, webinar ve sertifika programlar\u0131 ile kongrelerde t\u0131p ve sa\u011fl\u0131k bilimlerine genel bir bak\u0131\u015f ile birlikte daha alt ba\u015fl\u0131klar alt\u0131nda T\u00fcrkiye ve d\u00fcnyada bilime katk\u0131 sa\u011flayacak ve y\u00f6n verecek ara\u015ft\u0131rmalar\u0131n yap\u0131lmas\u0131n\u0131 sa\u011flamakt\u0131r.\n<\/p>\n\t\t\t\t\n\t\t\t<\/div>\n\n\t\t\t\t\t\t<\/div>\n\t\t\t\t<\/div>\n\t\t\t\t\t<\/div>\n\t\t<\/div>\n\t\t\t\t\t<\/div>\n\t\t<\/section>\n\t\t\t\t<section class=\"elementor-section elementor-top-section elementor-element elementor-element-0f04d17 elementor-section-boxed elementor-section-height-default elementor-section-height-default\" data-id=\"0f04d17\" data-element_type=\"section\">\n\t\t\t\t\t\t<div class=\"elementor-container elementor-column-gap-default\">\n\t\t\t\t\t<div class=\"elementor-column elementor-col-100 elementor-top-column elementor-element elementor-element-2f6d483\" data-id=\"2f6d483\" data-element_type=\"column\">\n\t\t\t<div class=\"elementor-widget-wrap elementor-element-populated\">\n\t\t\t\t\t\t<div class=\"elementor-element elementor-element-1678cf3 elementor-widget elementor-widget-text-editor\" data-id=\"1678cf3\" data-element_type=\"widget\" data-widget_type=\"text-editor.default\">\n\t\t\t\t<div class=\"elementor-widget-container\">\n\t\t\t\t\t\t\t\t\t<p>Hedefimiz \u00fclkemizde var olan bilimsel programlar\u0131n geli\u015fimine katk\u0131 sa\u011flamak, d\u00fcnya \u00fczerinde t\u0131p ve sa\u011fl\u0131k bilimleri alan\u0131ndaki programlarla ortak paydada bulu\u015fmay\u0131 hedeflemektedir.<\/p>\t\t\t\t\t\t\t\t<\/div>\n\t\t\t\t<\/div>\n\t\t\t\t\t<\/div>\n\t\t<\/div>\n\t\t\t\t\t<\/div>\n\t\t<\/section>\n\t\t\t\t<\/div>","protected":false},"excerpt":{"rendered":"<p>T\u0131bbi Kay\u0131tlar Derne\u011fi Hakk\u0131m\u0131zda T\u0131bbi Kay\u0131tlar Derne\u011fi, \u00fclkemizde ve d\u00fcnya genelindeki bilim insanlar\u0131yla i\u015fbirli\u011fi yaparak t\u0131p ve sa\u011fl\u0131k bilimleri alanlar\u0131nda ortak bir platform olu\u015fturmay\u0131 hedeflemektedir. Amac\u0131m\u0131z, bilimsel i\u015fbirli\u011fini art\u0131rarak sa\u011fl\u0131k sekt\u00f6r\u00fcnde \u00f6nemli yeniliklerin ve geli\u015fmelerin \u00f6n\u00fcn\u00fc a\u00e7mak ve bu alandaki global \u00e7al\u0131\u015fmalara katk\u0131 sa\u011flamakt\u0131r. Derne\u011fimiz, t\u0131p ve sa\u011fl\u0131k bilimleri alan\u0131ndaki faaliyetlerin etkinle\u015ftirilmesi ve geli\u015ftirilmesi i\u00e7in [&hellip;]<\/p>","protected":false},"author":1,"featured_media":0,"parent":0,"menu_order":0,"comment_status":"closed","ping_status":"closed","template":"elementor_header_footer","meta":{"footnotes":""},"class_list":["post-15572","page","type-page","status-publish","hentry"],"_links":{"self":[{"href":"https:\/\/tibbikayitlar.org\/en\/wp-json\/wp\/v2\/pages\/15572","targetHints":{"allow":["GET"]}}],"collection":[{"href":"https:\/\/tibbikayitlar.org\/en\/wp-json\/wp\/v2\/pages"}],"about":[{"href":"https:\/\/tibbikayitlar.org\/en\/wp-json\/wp\/v2\/types\/page"}],"author":[{"embeddable":true,"href":"https:\/\/tibbikayitlar.org\/en\/wp-json\/wp\/v2\/users\/1"}],"replies":[{"embeddable":true,"href":"https:\/\/tibbikayitlar.org\/en\/wp-json\/wp\/v2\/comments?post=15572"}],"version-history":[{"count":20,"href":"https:\/\/tibbikayitlar.org\/en\/wp-json\/wp\/v2\/pages\/15572\/revisions"}],"predecessor-version":[{"id":19051,"href":"https:\/\/tibbikayitlar.org\/en\/wp-json\/wp\/v2\/pages\/15572\/revisions\/19051"}],"wp:attachment":[{"href":"https:\/\/tibbikayitlar.org\/en\/wp-json\/wp\/v2\/media?parent=15572"}],"curies":[{"name":"wp","href":"https:\/\/api.w.org\/{rel}","templated":true}]}}