{"id":19066,"date":"2024-12-23T14:51:17","date_gmt":"2024-12-23T11:51:17","guid":{"rendered":"https:\/\/tibbikayitlar.org\/?page_id=19066"},"modified":"2024-12-23T14:54:44","modified_gmt":"2024-12-23T11:54:44","slug":"yonetim-kurulu","status":"publish","type":"page","link":"https:\/\/tibbikayitlar.org\/en\/yonetim-kurulu\/","title":{"rendered":"Management"},"content":{"rendered":"<div data-elementor-type=\"wp-page\" data-elementor-id=\"19066\" class=\"elementor elementor-19066\">\n\t\t\t\t\t\t<section class=\"elementor-section elementor-top-section elementor-element elementor-element-8cc2793 elementor-section-boxed elementor-section-height-default elementor-section-height-default\" data-id=\"8cc2793\" data-element_type=\"section\">\n\t\t\t\t\t\t\t<div class=\"elementor-background-overlay\"><\/div>\n\t\t\t\t\t\t\t<div class=\"elementor-container elementor-column-gap-default\">\n\t\t\t\t\t<div class=\"elementor-column elementor-col-100 elementor-top-column elementor-element elementor-element-3aee6e0\" data-id=\"3aee6e0\" data-element_type=\"column\">\n\t\t\t<div class=\"elementor-widget-wrap elementor-element-populated\">\n\t\t\t\t\t\t<div class=\"elementor-element elementor-element-227d288 elementor-widget elementor-widget-text-editor\" data-id=\"227d288\" data-element_type=\"widget\" data-widget_type=\"text-editor.default\">\n\t\t\t\t<div class=\"elementor-widget-container\">\n\t\t\t\t\t\t\t\t\t<h2>Management<\/h2><table width=\"1140\"><tbody><tr><td colspan=\"2\" width=\"627\"><p><strong>Y\u00f6netim Kurulu As\u0131l \u00dcye<\/strong><\/p><\/td><td width=\"513\"><p><strong>Y\u00f6netim Kurulu Yedek \u00dcye<\/strong><\/p><\/td><\/tr><tr><td width=\"334\"><p><strong>G\u00f6revi<\/strong><\/p><\/td><td width=\"292\"><p><strong>Ad\u0131-Soyad\u0131<\/strong><\/p><\/td><td width=\"513\"><p><strong>Ad\u0131-Soyad\u0131<\/strong><\/p><\/td><\/tr><tr><td width=\"334\"><p><strong>Ba\u015fkan<\/strong><\/p><\/td><td width=\"292\"><p>Deniz \u015eENOL<\/p><\/td><td width=\"513\"><p>\u015eeyda SE\u00c7G\u0130N<\/p><\/td><\/tr><tr><td width=\"334\"><p><strong>Ba\u015fkan Yard\u0131mc\u0131s\u0131<\/strong><\/p><\/td><td width=\"292\"><p>Z\u00fclal \u00d6NER<\/p><\/td><td width=\"513\"><p>Rukiye \u00c7\u0130FT\u00c7\u0130<\/p><\/td><\/tr><tr><td width=\"334\"><p><strong>Genel Sayman<\/strong><\/p><\/td><td width=\"292\"><p>Demet \u015eENCAN<\/p><\/td><td width=\"513\"><p>Burcug\u00fcl KAR\u015eIYAKALI G\u00dcD\u00dc<\/p><\/td><\/tr><tr><td width=\"334\"><p><strong>Genel Sekreter<\/strong><\/p><\/td><td width=\"292\"><p>Serkan \u00d6NER<\/p><\/td><td width=\"513\"><p>O\u011fuzhan HARMANDAO\u011eLU<\/p><\/td><\/tr><tr><td width=\"334\"><p><strong>\u00dcye<\/strong><\/p><\/td><td width=\"292\"><p>Filiz KILI\u00c7<\/p><\/td><td width=\"513\"><p>Mine ARSLAN<\/p><\/td><\/tr><\/tbody><\/table><p>\u00a0<\/p><table width=\"1140\"><tbody><tr><td colspan=\"2\" width=\"174\"><p><strong>Denetim Kurulu As\u0131l \u00dcye<\/strong><\/p><\/td><td width=\"186\"><p><strong>Denetim Kurulu Yedek \u00dcye<\/strong><\/p><\/td><\/tr><tr><td width=\"64\"><p><strong>G\u00f6revi<\/strong><\/p><\/td><td width=\"110\"><p><strong>Ad\u0131-Soyad\u0131<\/strong><\/p><\/td><td width=\"186\"><p><strong>Ad\u0131-Soyad\u0131<\/strong><\/p><\/td><\/tr><tr><td width=\"64\"><p><strong>Ba\u015fkan<\/strong><\/p><\/td><td width=\"110\"><p>Erkan KILI\u00c7<\/p><\/td><td width=\"186\"><p>Heval Helin SEYKAN<\/p><\/td><\/tr><tr><td width=\"64\"><p><strong>\u00dcye<\/strong><\/p><\/td><td width=\"110\"><p>Furkan BODUR<\/p><\/td><td width=\"186\"><p>O\u011fuzhan \u00d6ZT\u00dcRK<\/p><\/td><\/tr><tr><td width=\"64\"><p><strong>\u00dcye<\/strong><\/p><\/td><td width=\"110\"><p>Yusuf SE\u00c7G\u0130N<\/p><\/td><td width=\"186\"><p>Cansel \u00d6ZBEK<\/p><\/td><\/tr><\/tbody><\/table><p>\u00a0<\/p>\t\t\t\t\t\t\t\t<\/div>\n\t\t\t\t<\/div>\n\t\t\t\t\t<\/div>\n\t\t<\/div>\n\t\t\t\t\t<\/div>\n\t\t<\/section>\n\t\t\t\t<\/div>","protected":false},"excerpt":{"rendered":"<p>Y\u00f6netim Kurulu Y\u00f6netim Kurulu As\u0131l \u00dcye Y\u00f6netim Kurulu Yedek \u00dcye G\u00f6revi Ad\u0131-Soyad\u0131 Ad\u0131-Soyad\u0131 Ba\u015fkan Deniz \u015eENOL \u015eeyda SE\u00c7G\u0130N Ba\u015fkan Yard\u0131mc\u0131s\u0131 Z\u00fclal \u00d6NER Rukiye \u00c7\u0130FT\u00c7\u0130 Genel Sayman Demet \u015eENCAN Burcug\u00fcl KAR\u015eIYAKALI G\u00dcD\u00dc Genel Sekreter Serkan \u00d6NER O\u011fuzhan HARMANDAO\u011eLU \u00dcye Filiz KILI\u00c7 Mine ARSLAN \u00a0 Denetim Kurulu As\u0131l \u00dcye Denetim Kurulu Yedek \u00dcye G\u00f6revi Ad\u0131-Soyad\u0131 Ad\u0131-Soyad\u0131 Ba\u015fkan [&hellip;]<\/p>","protected":false},"author":1,"featured_media":0,"parent":0,"menu_order":0,"comment_status":"closed","ping_status":"closed","template":"elementor_header_footer","meta":{"footnotes":""},"class_list":["post-19066","page","type-page","status-publish","hentry"],"_links":{"self":[{"href":"https:\/\/tibbikayitlar.org\/en\/wp-json\/wp\/v2\/pages\/19066","targetHints":{"allow":["GET"]}}],"collection":[{"href":"https:\/\/tibbikayitlar.org\/en\/wp-json\/wp\/v2\/pages"}],"about":[{"href":"https:\/\/tibbikayitlar.org\/en\/wp-json\/wp\/v2\/types\/page"}],"author":[{"embeddable":true,"href":"https:\/\/tibbikayitlar.org\/en\/wp-json\/wp\/v2\/users\/1"}],"replies":[{"embeddable":true,"href":"https:\/\/tibbikayitlar.org\/en\/wp-json\/wp\/v2\/comments?post=19066"}],"version-history":[{"count":7,"href":"https:\/\/tibbikayitlar.org\/en\/wp-json\/wp\/v2\/pages\/19066\/revisions"}],"predecessor-version":[{"id":19073,"href":"https:\/\/tibbikayitlar.org\/en\/wp-json\/wp\/v2\/pages\/19066\/revisions\/19073"}],"wp:attachment":[{"href":"https:\/\/tibbikayitlar.org\/en\/wp-json\/wp\/v2\/media?parent=19066"}],"curies":[{"name":"wp","href":"https:\/\/api.w.org\/{rel}","templated":true}]}}