{"id":18991,"date":"2024-12-23T12:39:58","date_gmt":"2024-12-23T09:39:58","guid":{"rendered":"https:\/\/tibbikayitlar.org\/?page_id=18991"},"modified":"2024-12-23T19:06:56","modified_gmt":"2024-12-23T16:06:56","slug":"dergimiz","status":"publish","type":"page","link":"https:\/\/tibbikayitlar.org\/nl\/dergimiz\/","title":{"rendered":"Tijdschrift"},"content":{"rendered":"<div data-elementor-type=\"wp-page\" data-elementor-id=\"18991\" class=\"elementor elementor-18991\">\n\t\t\t\t\t\t<section class=\"elementor-section elementor-top-section elementor-element elementor-element-384dc5d elementor-section-boxed elementor-section-height-default elementor-section-height-default\" data-id=\"384dc5d\" data-element_type=\"section\">\n\t\t\t\t\t\t<div class=\"elementor-container elementor-column-gap-default\">\n\t\t\t\t\t<div class=\"elementor-column elementor-col-100 elementor-top-column elementor-element elementor-element-3e52e11\" data-id=\"3e52e11\" data-element_type=\"column\">\n\t\t\t<div class=\"elementor-widget-wrap elementor-element-populated\">\n\t\t\t\t\t\t<div class=\"elementor-element elementor-element-f68d130 dergisayitemler elementor-widget elementor-widget-ova_document_ajax\" data-id=\"f68d130\" data-element_type=\"widget\" data-widget_type=\"ova_document_ajax.default\">\n\t\t\t\t<div class=\"elementor-widget-container\">\n\t\t\t\t\t\n<div class=\"ova-doc-archive ova-document-ajax three_column\" data-names=\"{&quot;19025&quot;:&quot;An Approach to Thorax Morphometry with New Reference Values: A Morphological Study&quot;,&quot;19022&quot;:&quot;Mediating Role of Emotional Intelligence in the Relationship between Hospital Perception and Fear of Medical Procedures in Children&quot;,&quot;19019&quot;:&quot;Pediatric Head Injuries Occur During the Play Childhood Period of 3-6 Years: A Sample from the South of T\\u00fcrkiye&quot;,&quot;19016&quot;:&quot;Age-Related Variations in Treatment Patterns for Axial Spondyloarthritis&quot;,&quot;18997&quot;:&quot;Evaluation of YouTube Videos for Learning Interfascial Plane Blocks&quot;}\">\n\n\t\n\t<div class=\"ova-doc-content\">\n\t\t\t\t\t<form id=\"ova-doc-filter\" class=\"ova-doc-filter\" method=\"POST\" autocomplete=\"off\">\n\t\t\t\t<div class=\"wrapper\">\n\t\t\t\t\t\t\t\t\t\t\t<div class=\"form-control name_control\">\n\t\t\t\t\t\t\t<label for=\"name\">Name<\/label>\n\t\t\t\t\t\t\t<input type=\"text\" name=\"s\" class=\"ovadoc_name\" id=\"ovadoc_name\">\n\t\t\t\t\t\t<\/div>\n\t\t\t\t\t\n\t\t\t\t\t\t\t\t\t\t\t<div class=\"form-control\">\n\t\t\t\t\t\t\t<label for=\"date\">\n\t\t\t\t\t\t\t\tPublished Date\t\t\t\t\t\t\t<\/label>\n\t\t\t\t\t\t\t<div class=\"date-control\" data-locale=\"nl_NL\"\n\t\t\t\t\t\t\t\tdata-range_label=\"Ranges:\"\n\t\t\t\t\t\t\t\tdata-ranges_title=\"[&quot;Today&quot;,&quot;3 Days&quot;,&quot;5 Days&quot;,&quot;1 Week&quot;,&quot;Till Next Week&quot;,&quot;Till Next Month&quot;]\"\n\t\t\t\t\t\t\t>\n\t\t\t\t\t\t\t\t<input type=\"text\" name=\"date\" id=\"ovadoc_date\">\n\t\t\t\t\t\t\t\t<div class=\"icon\">\n\t\t\t\t\t\t\t\t\t<i class=\"far fa-calendar-alt\" aria-hidden=\"true\"><\/i>\n\t\t\t\t\t\t\t\t<\/div>\n\t\t\t\t\t\t\t<\/div>\n\t\t\t\t\t\t<\/div>\n\t\t\t\t\t\n\t\t\t\t\t\t\t\t\t\t\t<div class=\"form-control\">\n\t\t\t\t\t\t\t<label for=\"category\">\n\t\t\t\t\t\t\t\tCategory\t\n\t\t\t\t\t\t\t<\/label>\n\t\t\t\t\t\t\t<select  name='category' id='ovadoc_category' class='ovadoc_cat'>\n\t<option value='all' selected='selected'>All Categories<\/option>\n\t<option class=\"level-0\" value=\"dergi-1\">Dergi 1<\/option>\n\t<option class=\"level-0\" value=\"dergi-2\">Dergi 2<\/option>\n<\/select>\n\t\t\t\t\t\t<\/div>\n\t\t\t\t\t\n\t\t\t\t\t<div class=\"form-control\">\n\t\t\t\t\t\t<button type=\"submit\" class=\"ova-doc-submit\">\n\t\t\t\t\t\t\tFind Document\t\n\t\t\t\t\t\t<\/button>\n\t\t\t\t\t<\/div>\n\t\t\t\t<\/div>\n\t\t\t<input type=\"hidden\" name=\"trp-form-language\" value=\"nl\"\/><\/form>\n\t\t\n\t\t<span class=\"loader doc_loader\"><\/span>\n\n\t\t<div class=\"content_inner\" data-args_show=\"{&quot;show_date&quot;:&quot;&quot;,&quot;show_title&quot;:&quot;yes&quot;,&quot;show_link_to&quot;:&quot;yes&quot;,&quot;show_view_icon&quot;:&quot;&quot;,&quot;show_download_icon&quot;:&quot;yes&quot;}\">\n\t\t\t\n\t<div class=\"ova-doc-overlay\"><\/div>\n\n\t\t\t\t<ul class=\"document-list\">\n\t\t\t\t\t\t\t<li class=\"item\">\n\t\t\t\t\t<!-- burasi -->\n\t\t\t\t\t<div class=\"ozeldocresimeklekoddan\">\n\t\t\t\t\t\t<img fetchpriority=\"high\" decoding=\"async\" width=\"200\" height=\"300\" src=\"https:\/\/tibbikayitlar.org\/wp-content\/uploads\/2024\/12\/12312312132.jpg\" class=\"attachment-full size-full wp-post-image\" alt=\"\" \/>\t\t\t\t\t<\/div>\n\t\t\t\t\t<!-- burasi -->\n\t\t\t\t\t<div class=\"item-wrap\">\n\t\t\t\t\t\t\n\t\t\t\t\t\t<div class=\"info\">\n\t\t\t\t\t\t\t\n\t\t\t\t\t\t\t\n\t\t\t\t\t\t\t\t\t\t\t\t\t\t\t\t\t\t\t\t\t\t\t\t<a href=\"https:\/\/tibbikayitlar.org\/nl\/ova_doc\/an-approach-to-thorax-morphometry-with-new-reference-values-a-morphological-study\/\"\n\t\t\t\t\t\t\t\t\t\ttitle=\"An Approach to Thorax Morphometry with New Reference Values: A Morphological Study\"\n\t\t\t\t\t\t\t\t\t>\n\t\t\t\t\t\t\t\t\t\t\t\t\t\t\t\t\t\t<h3 class=\"title\">\n\t\t\t\t\t\t\t\t\t\tAn Approach to Thorax Morphometry with New Reference Values: A Morphological Study\t\t\t\t\t\t\t\t\t<\/h3>\n\t\t\t\t\t\t\t\t\t\t\t\t\t\t\t\t<\/a>\n\t\t\t\t\t\t\t\t\t\t\t\t\t\t\t\t\t\t\t\t\t<\/div>\n\n\t\t\t\t\t\t\t\t\t\t\t\t\t<a href=\"#\" class=\"icon\" data-id=\"19025\"\n\t\t\t\t\t\t\t\taria-label=\"Download file\"\n\t\t\t\t\t\t\t\ttitle=\"Download file\"\n\t\t\t\t\t\t\t>\n\t\t\t\t\t\t\t\t<i class=\"gimonticon-download\" aria-hidden=\"true\"><\/i>\n\t\t\t\t\t\t\t<\/a>\n\t\t\t\t\t\t\t\t\t\t\t<\/div>\n\t\t\t\t<\/li>\n\t\t\t\t\t\t\t<li class=\"item\">\n\t\t\t\t\t<!-- burasi -->\n\t\t\t\t\t<div class=\"ozeldocresimeklekoddan\">\n\t\t\t\t\t\t<img fetchpriority=\"high\" decoding=\"async\" width=\"200\" height=\"300\" src=\"https:\/\/tibbikayitlar.org\/wp-content\/uploads\/2024\/12\/12312312132.jpg\" class=\"attachment-full size-full wp-post-image\" alt=\"\" \/>\t\t\t\t\t<\/div>\n\t\t\t\t\t<!-- burasi -->\n\t\t\t\t\t<div class=\"item-wrap\">\n\t\t\t\t\t\t\n\t\t\t\t\t\t<div class=\"info\">\n\t\t\t\t\t\t\t\n\t\t\t\t\t\t\t\n\t\t\t\t\t\t\t\t\t\t\t\t\t\t\t\t\t\t\t\t\t\t\t\t<a href=\"https:\/\/tibbikayitlar.org\/nl\/ova_doc\/mediating-role-of-emotional-intelligence-in-the-relationship-between-hospital-perception-and-fear-of-medical-procedures-in-children\/\"\n\t\t\t\t\t\t\t\t\t\ttitle=\"Mediating Role of Emotional Intelligence in the Relationship between Hospital Perception and Fear of Medical Procedures in Children\"\n\t\t\t\t\t\t\t\t\t>\n\t\t\t\t\t\t\t\t\t\t\t\t\t\t\t\t\t\t<h3 class=\"title\">\n\t\t\t\t\t\t\t\t\t\tMediating Role of Emotional Intelligence in the Relationship between Hospital Perception and Fear of Medical Procedures in Children\t\t\t\t\t\t\t\t\t<\/h3>\n\t\t\t\t\t\t\t\t\t\t\t\t\t\t\t\t<\/a>\n\t\t\t\t\t\t\t\t\t\t\t\t\t\t\t\t\t\t\t\t\t<\/div>\n\n\t\t\t\t\t\t\t\t\t\t\t\t\t<a href=\"#\" class=\"icon\" data-id=\"19022\"\n\t\t\t\t\t\t\t\taria-label=\"Download file\"\n\t\t\t\t\t\t\t\ttitle=\"Download file\"\n\t\t\t\t\t\t\t>\n\t\t\t\t\t\t\t\t<i class=\"gimonticon-download\" aria-hidden=\"true\"><\/i>\n\t\t\t\t\t\t\t<\/a>\n\t\t\t\t\t\t\t\t\t\t\t<\/div>\n\t\t\t\t<\/li>\n\t\t\t\t\t\t\t<li class=\"item\">\n\t\t\t\t\t<!-- burasi -->\n\t\t\t\t\t<div class=\"ozeldocresimeklekoddan\">\n\t\t\t\t\t\t<img fetchpriority=\"high\" decoding=\"async\" width=\"200\" height=\"300\" src=\"https:\/\/tibbikayitlar.org\/wp-content\/uploads\/2024\/12\/12312312132.jpg\" class=\"attachment-full size-full wp-post-image\" alt=\"\" \/>\t\t\t\t\t<\/div>\n\t\t\t\t\t<!-- burasi -->\n\t\t\t\t\t<div class=\"item-wrap\">\n\t\t\t\t\t\t\n\t\t\t\t\t\t<div class=\"info\">\n\t\t\t\t\t\t\t\n\t\t\t\t\t\t\t\n\t\t\t\t\t\t\t\t\t\t\t\t\t\t\t\t\t\t\t\t\t\t\t\t<a href=\"https:\/\/tibbikayitlar.org\/nl\/ova_doc\/pediatric-head-injuries-occur-during-the-play-childhood-period-of-3-6-years-a-sample-from-the-south-of-turkiye\/\"\n\t\t\t\t\t\t\t\t\t\ttitle=\"Pediatric Head Injuries Occur During the Play Childhood Period of 3-6 Years: A Sample from the South of T\u00fcrkiye\"\n\t\t\t\t\t\t\t\t\t>\n\t\t\t\t\t\t\t\t\t\t\t\t\t\t\t\t\t\t<h3 class=\"title\">\n\t\t\t\t\t\t\t\t\t\tPediatric Head Injuries Occur During the Play Childhood Period of 3-6 Years: A Sample from the South of T\u00fcrkiye\t\t\t\t\t\t\t\t\t<\/h3>\n\t\t\t\t\t\t\t\t\t\t\t\t\t\t\t\t<\/a>\n\t\t\t\t\t\t\t\t\t\t\t\t\t\t\t\t\t\t\t\t\t<\/div>\n\n\t\t\t\t\t\t\t\t\t\t\t\t\t<a href=\"#\" class=\"icon\" data-id=\"19019\"\n\t\t\t\t\t\t\t\taria-label=\"Download file\"\n\t\t\t\t\t\t\t\ttitle=\"Download file\"\n\t\t\t\t\t\t\t>\n\t\t\t\t\t\t\t\t<i class=\"gimonticon-download\" aria-hidden=\"true\"><\/i>\n\t\t\t\t\t\t\t<\/a>\n\t\t\t\t\t\t\t\t\t\t\t<\/div>\n\t\t\t\t<\/li>\n\t\t\t\t\t\t\t<li class=\"item\">\n\t\t\t\t\t<!-- burasi -->\n\t\t\t\t\t<div class=\"ozeldocresimeklekoddan\">\n\t\t\t\t\t\t<img fetchpriority=\"high\" decoding=\"async\" width=\"200\" height=\"300\" src=\"https:\/\/tibbikayitlar.org\/wp-content\/uploads\/2024\/12\/12312312132.jpg\" class=\"attachment-full size-full wp-post-image\" alt=\"\" \/>\t\t\t\t\t<\/div>\n\t\t\t\t\t<!-- burasi -->\n\t\t\t\t\t<div class=\"item-wrap\">\n\t\t\t\t\t\t\n\t\t\t\t\t\t<div class=\"info\">\n\t\t\t\t\t\t\t\n\t\t\t\t\t\t\t\n\t\t\t\t\t\t\t\t\t\t\t\t\t\t\t\t\t\t\t\t\t\t\t\t<a href=\"https:\/\/tibbikayitlar.org\/nl\/ova_doc\/age-related-variations-in-treatment-patterns-for-axial-spondyloarthritis\/\"\n\t\t\t\t\t\t\t\t\t\ttitle=\"Age-Related Variations in Treatment Patterns for Axial Spondyloarthritis\"\n\t\t\t\t\t\t\t\t\t>\n\t\t\t\t\t\t\t\t\t\t\t\t\t\t\t\t\t\t<h3 class=\"title\">\n\t\t\t\t\t\t\t\t\t\tAge-Related Variations in Treatment Patterns for Axial Spondyloarthritis\t\t\t\t\t\t\t\t\t<\/h3>\n\t\t\t\t\t\t\t\t\t\t\t\t\t\t\t\t<\/a>\n\t\t\t\t\t\t\t\t\t\t\t\t\t\t\t\t\t\t\t\t\t<\/div>\n\n\t\t\t\t\t\t\t\t\t\t\t\t\t<a href=\"#\" class=\"icon\" data-id=\"19016\"\n\t\t\t\t\t\t\t\taria-label=\"Download file\"\n\t\t\t\t\t\t\t\ttitle=\"Download file\"\n\t\t\t\t\t\t\t>\n\t\t\t\t\t\t\t\t<i class=\"gimonticon-download\" aria-hidden=\"true\"><\/i>\n\t\t\t\t\t\t\t<\/a>\n\t\t\t\t\t\t\t\t\t\t\t<\/div>\n\t\t\t\t<\/li>\n\t\t\t\t\t\t\t<li class=\"item\">\n\t\t\t\t\t<!-- burasi -->\n\t\t\t\t\t<div class=\"ozeldocresimeklekoddan\">\n\t\t\t\t\t\t<img fetchpriority=\"high\" decoding=\"async\" width=\"200\" height=\"300\" src=\"https:\/\/tibbikayitlar.org\/wp-content\/uploads\/2024\/12\/12312312132.jpg\" class=\"attachment-full size-full wp-post-image\" alt=\"\" \/>\t\t\t\t\t<\/div>\n\t\t\t\t\t<!-- burasi -->\n\t\t\t\t\t<div class=\"item-wrap\">\n\t\t\t\t\t\t\n\t\t\t\t\t\t<div class=\"info\">\n\t\t\t\t\t\t\t\n\t\t\t\t\t\t\t\n\t\t\t\t\t\t\t\t\t\t\t\t\t\t\t\t\t\t\t\t\t\t\t\t<a href=\"https:\/\/tibbikayitlar.org\/nl\/ova_doc\/evaluation-of-youtube-videos-for-learning-interfascial-plane-blocks\/\"\n\t\t\t\t\t\t\t\t\t\ttitle=\"Evaluation of YouTube Videos for Learning Interfascial Plane Blocks\"\n\t\t\t\t\t\t\t\t\t>\n\t\t\t\t\t\t\t\t\t\t\t\t\t\t\t\t\t\t<h3 class=\"title\">\n\t\t\t\t\t\t\t\t\t\tEvaluation of YouTube Videos for Learning Interfascial Plane Blocks\t\t\t\t\t\t\t\t\t<\/h3>\n\t\t\t\t\t\t\t\t\t\t\t\t\t\t\t\t<\/a>\n\t\t\t\t\t\t\t\t\t\t\t\t\t\t\t\t\t\t\t\t\t<\/div>\n\n\t\t\t\t\t\t\t\t\t\t\t\t\t<a href=\"#\" class=\"icon\" data-id=\"18997\"\n\t\t\t\t\t\t\t\taria-label=\"Download file\"\n\t\t\t\t\t\t\t\ttitle=\"Download file\"\n\t\t\t\t\t\t\t>\n\t\t\t\t\t\t\t\t<i class=\"gimonticon-download\" aria-hidden=\"true\"><\/i>\n\t\t\t\t\t\t\t<\/a>\n\t\t\t\t\t\t\t\t\t\t\t<\/div>\n\t\t\t\t<\/li>\n\t\t\t\t\t<\/ul>\n\t\t\t<\/div>\n\t<\/div>\n\n\t<div class=\"ova-doc-modal\"><\/div>\n<\/div>\t\t\t\t<\/div>\n\t\t\t\t<\/div>\n\t\t\t\t\t<\/div>\n\t\t<\/div>\n\t\t\t\t\t<\/div>\n\t\t<\/section>\n\t\t\t\t<\/div>","protected":false},"excerpt":{"rendered":"<p>\u0130sim Yay\u0131nlanma Tarihi Kategori T\u00fcm KategorilerCity reports&nbsp;&nbsp;&nbsp;Business reports&nbsp;&nbsp;&nbsp;&nbsp;&nbsp;&nbsp;Business LawFinance &amp; economyPublic worksRoads &amp; transports Ara An Approach to Thorax Morphometry with New Reference Values: A Morphological Study Mediating Role of Emotional Intelligence in the Relationship between Hospital Perception and Fear of Medical Procedures in Children Pediatric Head Injuries Occur During the Play Childhood Period of [&hellip;]<\/p>","protected":false},"author":1,"featured_media":0,"parent":0,"menu_order":0,"comment_status":"closed","ping_status":"closed","template":"elementor_header_footer","meta":{"footnotes":""},"class_list":["post-18991","page","type-page","status-publish","hentry"],"_links":{"self":[{"href":"https:\/\/tibbikayitlar.org\/nl\/wp-json\/wp\/v2\/pages\/18991","targetHints":{"allow":["GET"]}}],"collection":[{"href":"https:\/\/tibbikayitlar.org\/nl\/wp-json\/wp\/v2\/pages"}],"about":[{"href":"https:\/\/tibbikayitlar.org\/nl\/wp-json\/wp\/v2\/types\/page"}],"author":[{"embeddable":true,"href":"https:\/\/tibbikayitlar.org\/nl\/wp-json\/wp\/v2\/users\/1"}],"replies":[{"embeddable":true,"href":"https:\/\/tibbikayitlar.org\/nl\/wp-json\/wp\/v2\/comments?post=18991"}],"version-history":[{"count":19,"href":"https:\/\/tibbikayitlar.org\/nl\/wp-json\/wp\/v2\/pages\/18991\/revisions"}],"predecessor-version":[{"id":19141,"href":"https:\/\/tibbikayitlar.org\/nl\/wp-json\/wp\/v2\/pages\/18991\/revisions\/19141"}],"wp:attachment":[{"href":"https:\/\/tibbikayitlar.org\/nl\/wp-json\/wp\/v2\/media?parent=18991"}],"curies":[{"name":"wp","href":"https:\/\/api.w.org\/{rel}","templated":true}]}}